{"id":3,"date":"2026-01-01T21:15:10","date_gmt":"2026-01-01T21:15:10","guid":{"rendered":"https:\/\/www.mena-big.com\/?page_id=3"},"modified":"2026-03-27T16:07:31","modified_gmt":"2026-03-27T16:07:31","slug":"politica-de-privacidad","status":"publish","type":"page","link":"https:\/\/mena-big.com\/es\/privacy-policy\/","title":{"rendered":"pol\u00edtica de privacidad"},"content":{"rendered":"<div data-elementor-type=\"wp-page\" data-elementor-id=\"3\" class=\"elementor elementor-3\" data-elementor-post-type=\"page\">\n\t\t\t\t<div class=\"elementor-element elementor-element-259bf9b e-flex e-con-boxed wcf-starter-animations-none e-con e-parent\" data-id=\"259bf9b\" data-element_type=\"container\" data-e-type=\"container\" data-settings=\"{&quot;wcf-animation&quot;:&quot;none&quot;,&quot;wcf_enable_pin_area&quot;:&quot;no&quot;,&quot;aae_enable_header_sticky_area&quot;:&quot;no&quot;,&quot;wcf_enable_horizontal_scroll&quot;:&quot;no&quot;,&quot;wcf_enable_cursor_hover_effect_text&quot;:&quot;View&quot;}\">\n\t\t\t\t\t<div class=\"e-con-inner\">\n\t\t<div class=\"elementor-element elementor-element-7647f23 e-con-full e-flex wcf-starter-animations-none e-con e-child\" data-id=\"7647f23\" data-element_type=\"container\" data-e-type=\"container\" data-settings=\"{&quot;wcf-animation&quot;:&quot;none&quot;,&quot;wcf_enable_pin_area&quot;:&quot;no&quot;,&quot;aae_enable_header_sticky_area&quot;:&quot;no&quot;,&quot;wcf_enable_horizontal_scroll&quot;:&quot;no&quot;,&quot;wcf_enable_cursor_hover_effect_text&quot;:&quot;View&quot;}\">\n\t\t\t\t<div class=\"elementor-element elementor-element-2761f02 wcf-starter-animations-none wcf-t-animation-none elementor-widget elementor-widget-heading\" data-id=\"2761f02\" data-element_type=\"widget\" data-e-type=\"widget\" data-settings=\"{&quot;wcf_starter_animations&quot;:&quot;none&quot;,&quot;wcf_anim_duration&quot;:1000,&quot;wcf_anim_delay&quot;:0,&quot;wcf_anim_ease&quot;:&quot;ease&quot;,&quot;wcf_text_animation&quot;:&quot;none&quot;,&quot;wcf-animation&quot;:&quot;none&quot;}\" data-widget_type=\"heading.default\">\n\t\t\t\t\t<h1 class=\"elementor-heading-title elementor-size-default\">Aviso legal y<br>\n<strong>Pol\u00edtica de privacidad<\/strong><\/h1>\t\t\t\t<\/div>\n\t\t\t\t<\/div>\n\t\t\t\t\t<\/div>\n\t\t\t\t<\/div>\n\t\t<div class=\"elementor-element elementor-element-d8965cc e-flex e-con-boxed wcf-starter-animations-none e-con e-parent\" data-id=\"d8965cc\" data-element_type=\"container\" data-e-type=\"container\" data-settings=\"{&quot;wcf-animation&quot;:&quot;none&quot;,&quot;wcf_enable_pin_area&quot;:&quot;no&quot;,&quot;aae_enable_header_sticky_area&quot;:&quot;no&quot;,&quot;wcf_enable_horizontal_scroll&quot;:&quot;no&quot;,&quot;wcf_enable_cursor_hover_effect_text&quot;:&quot;View&quot;}\">\n\t\t\t\t\t<div class=\"e-con-inner\">\n\t\t<div class=\"elementor-element elementor-element-fa0c902 e-con-full e-flex wcf-starter-animations-none e-con e-child\" data-id=\"fa0c902\" data-element_type=\"container\" data-e-type=\"container\" data-settings=\"{&quot;wcf-animation&quot;:&quot;none&quot;,&quot;wcf_enable_pin_area&quot;:&quot;no&quot;,&quot;aae_enable_header_sticky_area&quot;:&quot;no&quot;,&quot;wcf_enable_horizontal_scroll&quot;:&quot;no&quot;,&quot;wcf_enable_cursor_hover_effect_text&quot;:&quot;View&quot;}\">\n\t\t\t\t<div class=\"elementor-element elementor-element-ba43461 wcf-starter-animations-none wcf-t-animation-none elementor-widget elementor-widget-text-editor\" data-id=\"ba43461\" data-element_type=\"widget\" data-e-type=\"widget\" data-settings=\"{&quot;wcf_starter_animations&quot;:&quot;none&quot;,&quot;wcf_anim_duration&quot;:1000,&quot;wcf_anim_delay&quot;:0,&quot;wcf_anim_ease&quot;:&quot;ease&quot;,&quot;wcf_text_animation&quot;:&quot;none&quot;,&quot;wcf-animation&quot;:&quot;none&quot;}\" data-widget_type=\"text-editor.default\">\n\t\t\t\t\t\t\t\t\t<p>De conformidad con la normativa de Protecci\u00f3n de Datos Personales, le informamos que sus datos ser\u00e1n incorporados al sistema de tratamiento titularidad de MENA Business Investment Group, con CIF B63662415 y domicilio social en Calle Felipe de Paz n\u00ba39, 1\u00ba, 08028 Barcelona (Espa\u00f1a), con la finalidad de responder a sus consultas. En cumplimiento de la normativa vigente, MENA le informa que los datos se conservar\u00e1n durante el tiempo estrictamente necesario para cumplir con los preceptos mencionados. Salvo que nos indique lo contrario, entendemos que sus datos no han sido modificados, que se compromete a notificarnos cualquier variaci\u00f3n y que nos otorga su consentimiento para utilizarlos con las finalidades indicadas.<\/p><p>MENA informa que proceder\u00e1 a tratar los datos de forma l\u00edcita, leal, transparente, adecuada, pertinente, limitada, exacta y actualizada. Por ello, MENA se compromete a adoptar todas las medidas razonables para que, en caso de inexactitud, se eliminen o rectifiquen sin demora.<\/p><p>De conformidad con los derechos que le confiere la normativa vigente en materia de protecci\u00f3n de datos, podr\u00e1 ejercer los derechos de acceso, rectificaci\u00f3n, limitaci\u00f3n del tratamiento, supresi\u00f3n, portabilidad y oposici\u00f3n al tratamiento de sus datos personales y al consentimiento otorgado para dicho tratamiento, dirigiendo su solicitud a la direcci\u00f3n postal indicada anteriormente o al correo electr\u00f3nico info@mena-big.com.<\/p><p>Puede acudir a la Autoridad de Control competente para presentar la reclamaci\u00f3n que considere oportuna.<\/p><p>El env\u00edo de estos datos implica la aceptaci\u00f3n de esta cl\u00e1usula.<\/p>\t\t\t\t\t\t\t\t<\/div>\n\t\t\t\t<\/div>\n\t\t\t\t\t<\/div>\n\t\t\t\t<\/div>\n\t\t\t\t<\/div>","protected":false},"excerpt":{"rendered":"<p>Legal notice and Privacy policy In accordance with the regulations in Personal Data Protection, we inform you that your data will be incorporated into the treatment system owned by MENA Business Investment Group with CIF B63662415 and registered office at Calle Felipe de Paz n\u00ba39, 1\u00ba, 08028 Barcelona (Spain), in order to answer your questions. [&hellip;]<\/p>\n","protected":false},"author":1,"featured_media":0,"parent":0,"menu_order":0,"comment_status":"closed","ping_status":"open","template":"","meta":{"_acf_changed":false,"content-type":"","footnotes":""},"class_list":["post-3","page","type-page","status-publish","hentry"],"acf":[],"_links":{"self":[{"href":"https:\/\/mena-big.com\/es\/wp-json\/wp\/v2\/pages\/3","targetHints":{"allow":["GET"]}}],"collection":[{"href":"https:\/\/mena-big.com\/es\/wp-json\/wp\/v2\/pages"}],"about":[{"href":"https:\/\/mena-big.com\/es\/wp-json\/wp\/v2\/types\/page"}],"author":[{"embeddable":true,"href":"https:\/\/mena-big.com\/es\/wp-json\/wp\/v2\/users\/1"}],"replies":[{"embeddable":true,"href":"https:\/\/mena-big.com\/es\/wp-json\/wp\/v2\/comments?post=3"}],"version-history":[{"count":1,"href":"https:\/\/mena-big.com\/es\/wp-json\/wp\/v2\/pages\/3\/revisions"}],"predecessor-version":[{"id":2503,"href":"https:\/\/mena-big.com\/es\/wp-json\/wp\/v2\/pages\/3\/revisions\/2503"}],"wp:attachment":[{"href":"https:\/\/mena-big.com\/es\/wp-json\/wp\/v2\/media?parent=3"}],"curies":[{"name":"wp","href":"https:\/\/api.w.org\/{rel}","templated":true}]}}